{"id":4,"date":"2008-11-17T16:59:27","date_gmt":"2008-11-17T15:59:27","guid":{"rendered":"http:\/\/wl27www336.webland.ch\/site\/?page_id=4"},"modified":"2019-01-20T10:57:40","modified_gmt":"2019-01-20T09:57:40","slug":"willkommen","status":"publish","type":"page","link":"https:\/\/www.sandstrahlen.ch\/site\/","title":{"rendered":"Sandstrahlen, Industriespritzwerk, Mobiles Sandstrahlen, Flims, Chur, Graub\u00fcnden"},"content":{"rendered":"<p><a href=\"http:\/\/www.sandstrahlen.ch\/site\/wp-content\/uploads\/2013\/05\/key_home.jpg\" rel=\"lightbox[4]\"><img loading=\"lazy\" decoding=\"async\" src=\"http:\/\/www.sandstrahlen.ch\/site\/wp-content\/uploads\/2013\/05\/key_home.jpg\" alt=\"\" title=\"\" width=\"480\" height=\"208\"><\/a><\/p>\n<h1 class=\"pagetitle\">SANDSTRAHLEN, STOCKEN VON BETON UND LACKIERWERK.<br \/>\nWILLKOMMEN BEI SANDSTRAHLEN.CH<\/h1>\n<div id=\"cbox\">\n<p>Wir behandeln Ihre Fassade (Holz, Beton, Stein, Glas, etc.), entfernen Graffiti, Sandstrahlen Metallteile- und konstruktionen direkt bei Ihnen vor Ort.<\/p>\n<p>Das bedeutet f\u00fcr Sie keine m\u00fchsamen Demontage oder Kosten. Mit unserer mobilen Sandstrahlanlage und einem 4&#215;4 Fahrzeug erreichen wie auch die entlegensten Ecken.<\/p>\n<p>In unserer Halle mit Spritzwerk und Malerei k\u00f6nnen wir Serienauftr\u00e4ge, Grossobjekte und Spezialteile sandstrahlen und entsprechend Ihren W\u00fcnschen nachbehandeln.<\/p>\n<\/div>\n<div class=\"addbox\">\n<\/div>\n","protected":false},"excerpt":{"rendered":"<p>SANDSTRAHLEN, STOCKEN VON BETON UND LACKIERWERK. WILLKOMMEN BEI SANDSTRAHLEN.CH Wir behandeln Ihre Fassade (Holz, Beton, Stein, Glas, etc.), entfernen Graffiti, Sandstrahlen Metallteile- und konstruktionen direkt bei Ihnen vor Ort. Das bedeutet f\u00fcr Sie keine m\u00fchsamen Demontage oder Kosten. Mit unserer mobilen Sandstrahlanlage und einem 4&#215;4 Fahrzeug erreichen wie auch die entlegensten Ecken. In unserer Halle [&hellip;]<\/p>\n","protected":false},"author":1,"featured_media":0,"parent":0,"menu_order":0,"comment_status":"open","ping_status":"open","template":"","meta":{"footnotes":""},"class_list":["post-4","page","type-page","status-publish","hentry"],"_links":{"self":[{"href":"https:\/\/www.sandstrahlen.ch\/site\/index.php\/wp-json\/wp\/v2\/pages\/4","targetHints":{"allow":["GET"]}}],"collection":[{"href":"https:\/\/www.sandstrahlen.ch\/site\/index.php\/wp-json\/wp\/v2\/pages"}],"about":[{"href":"https:\/\/www.sandstrahlen.ch\/site\/index.php\/wp-json\/wp\/v2\/types\/page"}],"author":[{"embeddable":true,"href":"https:\/\/www.sandstrahlen.ch\/site\/index.php\/wp-json\/wp\/v2\/users\/1"}],"replies":[{"embeddable":true,"href":"https:\/\/www.sandstrahlen.ch\/site\/index.php\/wp-json\/wp\/v2\/comments?post=4"}],"version-history":[{"count":30,"href":"https:\/\/www.sandstrahlen.ch\/site\/index.php\/wp-json\/wp\/v2\/pages\/4\/revisions"}],"predecessor-version":[{"id":420,"href":"https:\/\/www.sandstrahlen.ch\/site\/index.php\/wp-json\/wp\/v2\/pages\/4\/revisions\/420"}],"wp:attachment":[{"href":"https:\/\/www.sandstrahlen.ch\/site\/index.php\/wp-json\/wp\/v2\/media?parent=4"}],"curies":[{"name":"wp","href":"https:\/\/api.w.org\/{rel}","templated":true}]}}