{"id":37,"date":"2008-11-18T13:19:39","date_gmt":"2008-11-18T12:19:39","guid":{"rendered":"http:\/\/wl27www336.webland.ch\/site\/?page_id=37"},"modified":"2015-05-01T17:18:52","modified_gmt":"2015-05-01T16:18:52","slug":"glas","status":"publish","type":"page","link":"https:\/\/www.sandstrahlen.ch\/site\/index.php\/glas\/","title":{"rendered":"GLAS"},"content":{"rendered":"<p><img loading=\"lazy\" decoding=\"async\" src=\"http:\/\/www.sandstrahlen.ch\/site\/wp-content\/uploads\/2013\/05\/key_glas.jpg\" alt=\"\" title=\"\" width=\"480\" height=\"208\" \/><\/p>\n<h1 class=\"pagetitle\">SANDSTRAHLEN VON GLAS<\/H1><\/p>\n<div id=\"cbox\">Glasoberfl\u00e4chen k\u00f6nnen satiniert werden, so dass sie nur noch Licht durchl\u00e4ssig sind.<\/p>\n<p>Machen Sie Ihre Schaufenster zu einem kunstvollen Blickfang, indem Sie Beschriftungen, Ornamente und so weiter, darauf satinieren lassen.<\/p><\/div>\n<div CLASS=\"addbox\">\n<h3>M\u00f6glichkeiten:<\/h3>\n<p>Badezimmer<br \/>\nWellnessr\u00e4ume<br \/>\nToiletten<br \/>\nSchaufenster<br \/>\nT\u00fcren<br \/>\nkreative Gestaltung<\/p><\/div>\n<p><br clear=\"all\"><\/p>\n","protected":false},"excerpt":{"rendered":"<p>SANDSTRAHLEN VON GLAS Glasoberfl\u00e4chen k\u00f6nnen satiniert werden, so dass sie nur noch Licht durchl\u00e4ssig sind. Machen Sie Ihre Schaufenster zu einem kunstvollen Blickfang, indem Sie Beschriftungen, Ornamente und so weiter, darauf satinieren lassen. M\u00f6glichkeiten: Badezimmer Wellnessr\u00e4ume Toiletten Schaufenster T\u00fcren kreative Gestaltung<\/p>\n","protected":false},"author":1,"featured_media":0,"parent":0,"menu_order":0,"comment_status":"open","ping_status":"open","template":"","meta":{"footnotes":""},"class_list":["post-37","page","type-page","status-publish","hentry"],"_links":{"self":[{"href":"https:\/\/www.sandstrahlen.ch\/site\/index.php\/wp-json\/wp\/v2\/pages\/37","targetHints":{"allow":["GET"]}}],"collection":[{"href":"https:\/\/www.sandstrahlen.ch\/site\/index.php\/wp-json\/wp\/v2\/pages"}],"about":[{"href":"https:\/\/www.sandstrahlen.ch\/site\/index.php\/wp-json\/wp\/v2\/types\/page"}],"author":[{"embeddable":true,"href":"https:\/\/www.sandstrahlen.ch\/site\/index.php\/wp-json\/wp\/v2\/users\/1"}],"replies":[{"embeddable":true,"href":"https:\/\/www.sandstrahlen.ch\/site\/index.php\/wp-json\/wp\/v2\/comments?post=37"}],"version-history":[{"count":13,"href":"https:\/\/www.sandstrahlen.ch\/site\/index.php\/wp-json\/wp\/v2\/pages\/37\/revisions"}],"predecessor-version":[{"id":59,"href":"https:\/\/www.sandstrahlen.ch\/site\/index.php\/wp-json\/wp\/v2\/pages\/37\/revisions\/59"}],"wp:attachment":[{"href":"https:\/\/www.sandstrahlen.ch\/site\/index.php\/wp-json\/wp\/v2\/media?parent=37"}],"curies":[{"name":"wp","href":"https:\/\/api.w.org\/{rel}","templated":true}]}}