{"id":353,"date":"2015-05-01T15:59:40","date_gmt":"2015-05-01T14:59:40","guid":{"rendered":"http:\/\/www.sandstrahlen.ch\/site\/?page_id=353"},"modified":"2015-05-01T17:34:31","modified_gmt":"2015-05-01T16:34:31","slug":"stocken-von-beton","status":"publish","type":"page","link":"https:\/\/www.sandstrahlen.ch\/site\/index.php\/stocken-von-beton\/","title":{"rendered":"STOCKEN VON BETON"},"content":{"rendered":"<p><img loading=\"lazy\" decoding=\"async\" src=\"http:\/\/www.sandstrahlen.ch\/site\/wp-content\/uploads\/2013\/05\/key_mob.jpg\" alt=\"\" title=\"key_mob\" width=\"480\" height=\"208\"  \/><\/p>\n<div>\n<h1 class=\"pagetitle\">STOCKEN VON BETONOBERFL\u00c4CHEN<\/H1><\/p>\n<div id=\"cbox\">Das Stocken einer erh\u00e4rteten Betonoberfl\u00e4che ergibt je nach Wunsch unterschiedlich rauhe und matte Oberfl\u00e4che.<br \/>\nDie Betonoberfl\u00e4chen erhalten nicht nur visuell eine ansprechende Optik, sondern werden zudem rutschfester.<br \/>\nEine ideale Behandlung f\u00fcr Au\u00dfenbel\u00e4ge wie z. B. Treppen, Eing\u00e4nge, Mauern, Rampen, etc.<\/p>\n<p>Abwitterung und Frost machen Beton schnell unansehlich. Durch das Stocken werden diese wieder gleichm\u00e4ssig im Ton. Auch im Innenbereich lassen sich moderne Akzente und Rauml\u00f6sungen erreichen. <\/p><\/div>\n<div class=\"addbox\">\n<h3>Weitere M\u00f6glichkeiten:<\/h3>\n<p>Diverse Einsatzm\u00f6glichkeiten im Aussen- und Innenbereich, zur Sicherheit gegen Rutsch und zur Verbesserung der Optik<\/p><\/div>\n<\/div>\n","protected":false},"excerpt":{"rendered":"<p>STOCKEN VON BETONOBERFL\u00c4CHEN Das Stocken einer erh\u00e4rteten Betonoberfl\u00e4che ergibt je nach Wunsch unterschiedlich rauhe und matte Oberfl\u00e4che. Die Betonoberfl\u00e4chen erhalten nicht nur visuell eine ansprechende Optik, sondern werden zudem rutschfester. Eine ideale Behandlung f\u00fcr Au\u00dfenbel\u00e4ge wie z. B. Treppen, Eing\u00e4nge, Mauern, Rampen, etc. Abwitterung und Frost machen Beton schnell unansehlich. Durch das Stocken werden diese [&hellip;]<\/p>\n","protected":false},"author":1,"featured_media":0,"parent":0,"menu_order":150,"comment_status":"closed","ping_status":"closed","template":"","meta":{"footnotes":""},"class_list":["post-353","page","type-page","status-publish","hentry"],"_links":{"self":[{"href":"https:\/\/www.sandstrahlen.ch\/site\/index.php\/wp-json\/wp\/v2\/pages\/353","targetHints":{"allow":["GET"]}}],"collection":[{"href":"https:\/\/www.sandstrahlen.ch\/site\/index.php\/wp-json\/wp\/v2\/pages"}],"about":[{"href":"https:\/\/www.sandstrahlen.ch\/site\/index.php\/wp-json\/wp\/v2\/types\/page"}],"author":[{"embeddable":true,"href":"https:\/\/www.sandstrahlen.ch\/site\/index.php\/wp-json\/wp\/v2\/users\/1"}],"replies":[{"embeddable":true,"href":"https:\/\/www.sandstrahlen.ch\/site\/index.php\/wp-json\/wp\/v2\/comments?post=353"}],"version-history":[{"count":16,"href":"https:\/\/www.sandstrahlen.ch\/site\/index.php\/wp-json\/wp\/v2\/pages\/353\/revisions"}],"predecessor-version":[{"id":410,"href":"https:\/\/www.sandstrahlen.ch\/site\/index.php\/wp-json\/wp\/v2\/pages\/353\/revisions\/410"}],"wp:attachment":[{"href":"https:\/\/www.sandstrahlen.ch\/site\/index.php\/wp-json\/wp\/v2\/media?parent=353"}],"curies":[{"name":"wp","href":"https:\/\/api.w.org\/{rel}","templated":true}]}}