{"id":35,"date":"2008-11-18T13:19:27","date_gmt":"2008-11-18T12:19:27","guid":{"rendered":"http:\/\/wl27www336.webland.ch\/site\/?page_id=35"},"modified":"2015-05-01T17:17:24","modified_gmt":"2015-05-01T16:17:24","slug":"beton","status":"publish","type":"page","link":"https:\/\/www.sandstrahlen.ch\/site\/index.php\/beton\/","title":{"rendered":"BETON"},"content":{"rendered":"<p><a href=\"http:\/\/wl27www336.webland.ch\/site\/wp-content\/uploads\/2009\/01\/beton1.jpg\" rel=\"lightbox[35]\"><img loading=\"lazy\" decoding=\"async\" class=\"alignnone size-thumbnail wp-image-169\" title=\"beton anrauen\" src=\"http:\/\/wl27www336.webland.ch\/site\/wp-content\/uploads\/2009\/01\/beton1-140x85.jpg\" alt=\"\" width=\"140\" height=\"85\" \/><\/a><a href=\"http:\/\/wl27www336.webland.ch\/site\/wp-content\/uploads\/2009\/01\/beton2.jpg\" rel=\"lightbox[35]\"><img loading=\"lazy\" decoding=\"async\" class=\"alignnone size-thumbnail wp-image-173\" title=\"Beton sandstrahlen\" src=\"http:\/\/wl27www336.webland.ch\/site\/wp-content\/uploads\/2009\/01\/beton2-140x85.jpg\" alt=\"\" width=\"140\" height=\"85\" \/><\/a><a href=\"http:\/\/wl27www336.webland.ch\/site\/wp-content\/uploads\/2008\/11\/graffiti_entfernen.jpg\" rel=\"lightbox[35]\"><img loading=\"lazy\" decoding=\"async\" class=\"alignnone size-medium wp-image-51\" title=\"Graffiti entfernen\" src=\"http:\/\/wl27www336.webland.ch\/site\/wp-content\/uploads\/2008\/11\/graffiti_entfernen-300x196.jpg\" alt=\"\" width=\"110\" height=\"85\" \/><\/a><br clear=\"all\"><\/p>\n<h1 class=\"pagetitle1\" style=\"margin-top:100px\">BETON<\/h1>\n<div id=\"cbox\">Bei Sichtbeton bzw. Naturstein kann die Oberfl\u00e4che gereinigt, aufgerauht und sogar von Farbe entfernt werden.<\/p>\n<p><strong>GRAFFITI ENTFERNEN<\/strong><br \/>\nDie \u00c4sthetik von Graffiti&#8217;s h\u00e4ngt vom Betrachter ab. Problematischer ist das die bespr\u00fchte Fl\u00e4che isoliert wird und speziell bei gemauerten Untergr\u00fcnden nicht mehr diffundieren kann. Das kann in der kalten Jahreszeit\u00a0 zu Komplikationen im Mauerwerk f\u00fchren.<\/div>\n<div class=\"addbox\">\n<h3>Ihre Ansprech- partner:<\/h3>\n<p>Carli Camenisch<br \/>\n079  642 45 60<\/p>\n<p>Robert Camenisch<br \/>\n079 678 55 19<\/p><\/div>\n<p><br clear=\"all\"><\/p>\n","protected":false},"excerpt":{"rendered":"<p>BETON Bei Sichtbeton bzw. Naturstein kann die Oberfl\u00e4che gereinigt, aufgerauht und sogar von Farbe entfernt werden. GRAFFITI ENTFERNEN Die \u00c4sthetik von Graffiti&#8217;s h\u00e4ngt vom Betrachter ab. Problematischer ist das die bespr\u00fchte Fl\u00e4che isoliert wird und speziell bei gemauerten Untergr\u00fcnden nicht mehr diffundieren kann. Das kann in der kalten Jahreszeit\u00a0 zu Komplikationen im Mauerwerk f\u00fchren. Ihre [&hellip;]<\/p>\n","protected":false},"author":1,"featured_media":0,"parent":0,"menu_order":0,"comment_status":"open","ping_status":"open","template":"","meta":{"footnotes":""},"class_list":["post-35","page","type-page","status-publish","hentry"],"_links":{"self":[{"href":"https:\/\/www.sandstrahlen.ch\/site\/index.php\/wp-json\/wp\/v2\/pages\/35","targetHints":{"allow":["GET"]}}],"collection":[{"href":"https:\/\/www.sandstrahlen.ch\/site\/index.php\/wp-json\/wp\/v2\/pages"}],"about":[{"href":"https:\/\/www.sandstrahlen.ch\/site\/index.php\/wp-json\/wp\/v2\/types\/page"}],"author":[{"embeddable":true,"href":"https:\/\/www.sandstrahlen.ch\/site\/index.php\/wp-json\/wp\/v2\/users\/1"}],"replies":[{"embeddable":true,"href":"https:\/\/www.sandstrahlen.ch\/site\/index.php\/wp-json\/wp\/v2\/comments?post=35"}],"version-history":[{"count":29,"href":"https:\/\/www.sandstrahlen.ch\/site\/index.php\/wp-json\/wp\/v2\/pages\/35\/revisions"}],"predecessor-version":[{"id":399,"href":"https:\/\/www.sandstrahlen.ch\/site\/index.php\/wp-json\/wp\/v2\/pages\/35\/revisions\/399"}],"wp:attachment":[{"href":"https:\/\/www.sandstrahlen.ch\/site\/index.php\/wp-json\/wp\/v2\/media?parent=35"}],"curies":[{"name":"wp","href":"https:\/\/api.w.org\/{rel}","templated":true}]}}