{"id":26,"date":"2008-11-18T13:18:22","date_gmt":"2008-11-18T12:18:22","guid":{"rendered":"http:\/\/wl27www336.webland.ch\/site\/?page_id=26"},"modified":"2015-05-01T16:56:44","modified_gmt":"2015-05-01T15:56:44","slug":"hallenanlage","status":"publish","type":"page","link":"https:\/\/www.sandstrahlen.ch\/site\/index.php\/hallenanlage\/","title":{"rendered":"HALLENANLAGE"},"content":{"rendered":"<p><img loading=\"lazy\" decoding=\"async\" src=\"http:\/\/www.sandstrahlen.ch\/site\/wp-content\/uploads\/2013\/05\/key_hallen.jpg\" alt=\"\" title=\"key_hallen\" width=\"480\" height=\"208\"  \/><\/p>\n<h1 class=\"pagetitle\">HALLENANLAGE<\/H1><\/p>\n<div id=\"cbox\">In unserer Halle k\u00f6nnen wir speziell grosse Objekt behandeln.<\/div>\n<div class=\"addbox\">\n<h3>M\u00f6glichkeiten:<\/h3>\n<p>Fahrzeuge<br \/>\nT\u00fcren, Fenster<br \/>\nMetallkonstruktionen<br \/>\nHolzobjekte\n<\/p><\/div>\n","protected":false},"excerpt":{"rendered":"<p>HALLENANLAGE In unserer Halle k\u00f6nnen wir speziell grosse Objekt behandeln. M\u00f6glichkeiten: Fahrzeuge T\u00fcren, Fenster Metallkonstruktionen Holzobjekte<\/p>\n","protected":false},"author":1,"featured_media":0,"parent":0,"menu_order":0,"comment_status":"open","ping_status":"open","template":"","meta":{"footnotes":""},"class_list":["post-26","page","type-page","status-publish","hentry"],"_links":{"self":[{"href":"https:\/\/www.sandstrahlen.ch\/site\/index.php\/wp-json\/wp\/v2\/pages\/26","targetHints":{"allow":["GET"]}}],"collection":[{"href":"https:\/\/www.sandstrahlen.ch\/site\/index.php\/wp-json\/wp\/v2\/pages"}],"about":[{"href":"https:\/\/www.sandstrahlen.ch\/site\/index.php\/wp-json\/wp\/v2\/types\/page"}],"author":[{"embeddable":true,"href":"https:\/\/www.sandstrahlen.ch\/site\/index.php\/wp-json\/wp\/v2\/users\/1"}],"replies":[{"embeddable":true,"href":"https:\/\/www.sandstrahlen.ch\/site\/index.php\/wp-json\/wp\/v2\/comments?post=26"}],"version-history":[{"count":30,"href":"https:\/\/www.sandstrahlen.ch\/site\/index.php\/wp-json\/wp\/v2\/pages\/26\/revisions"}],"predecessor-version":[{"id":380,"href":"https:\/\/www.sandstrahlen.ch\/site\/index.php\/wp-json\/wp\/v2\/pages\/26\/revisions\/380"}],"wp:attachment":[{"href":"https:\/\/www.sandstrahlen.ch\/site\/index.php\/wp-json\/wp\/v2\/media?parent=26"}],"curies":[{"name":"wp","href":"https:\/\/api.w.org\/{rel}","templated":true}]}}